{"id":599,"date":"2023-11-18T11:02:49","date_gmt":"2023-11-18T11:02:49","guid":{"rendered":"https:\/\/antoinefourre.com\/?page_id=599"},"modified":"2023-11-22T19:25:27","modified_gmt":"2023-11-22T19:25:27","slug":"e-learning-comprendre-la-complexite-de-la-douleur","status":"publish","type":"page","link":"https:\/\/antoinefourre.com\/?page_id=599","title":{"rendered":"E-learning: prise en charge des lombalgies"},"content":{"rendered":"\n<p>Ces e-learning ont \u00e9t\u00e9 d\u00e9velopp\u00e9s dans le cadre de ma th\u00e8se de doctorat. Ils sont maintenant disponibles en ligne !<\/p>\n\n\n\n<div class=\"h5p-iframe-wrapper\"><iframe id=\"h5p-iframe-1\" class=\"h5p-iframe\" data-content-id=\"1\" style=\"height:1px\" src=\"about:blank\" frameBorder=\"0\" scrolling=\"no\" title=\"Module 1 - Triage et \u00e9valuation du patient lombalgique\"><\/iframe><\/div>\n\n\n\n<div class=\"h5p-iframe-wrapper\"><iframe id=\"h5p-iframe-3\" class=\"h5p-iframe\" data-content-id=\"3\" style=\"height:1px\" src=\"about:blank\" frameBorder=\"0\" scrolling=\"no\" title=\"Module 2 - Prise en charge du patient lombalgique\"><\/iframe><\/div>\n\n\n\n<div class=\"h5p-iframe-wrapper\"><iframe id=\"h5p-iframe-2\" class=\"h5p-iframe\" data-content-id=\"2\" style=\"height:1px\" src=\"about:blank\" frameBorder=\"0\" scrolling=\"no\" title=\"Module 3 - Comprendre la complexit\u00e9 de la douleur\"><\/iframe><\/div>\n","protected":false},"excerpt":{"rendered":"<p>Ces e-learning ont \u00e9t\u00e9 d\u00e9velopp\u00e9s dans le cadre de ma th\u00e8se de doctorat. Ils sont maintenant disponibles en ligne !<\/p>\n","protected":false},"author":1,"featured_media":0,"parent":0,"menu_order":0,"comment_status":"closed","ping_status":"closed","template":"","meta":{"_monsterinsights_skip_tracking":false,"_monsterinsights_sitenote_active":false,"_monsterinsights_sitenote_note":"","_monsterinsights_sitenote_category":0,"spay_email":"","footnotes":""},"class_list":["post-599","page","type-page","status-publish","hentry"],"_links":{"self":[{"href":"https:\/\/antoinefourre.com\/index.php?rest_route=\/wp\/v2\/pages\/599","targetHints":{"allow":["GET"]}}],"collection":[{"href":"https:\/\/antoinefourre.com\/index.php?rest_route=\/wp\/v2\/pages"}],"about":[{"href":"https:\/\/antoinefourre.com\/index.php?rest_route=\/wp\/v2\/types\/page"}],"author":[{"embeddable":true,"href":"https:\/\/antoinefourre.com\/index.php?rest_route=\/wp\/v2\/users\/1"}],"replies":[{"embeddable":true,"href":"https:\/\/antoinefourre.com\/index.php?rest_route=%2Fwp%2Fv2%2Fcomments&post=599"}],"version-history":[{"count":3,"href":"https:\/\/antoinefourre.com\/index.php?rest_route=\/wp\/v2\/pages\/599\/revisions"}],"predecessor-version":[{"id":606,"href":"https:\/\/antoinefourre.com\/index.php?rest_route=\/wp\/v2\/pages\/599\/revisions\/606"}],"wp:attachment":[{"href":"https:\/\/antoinefourre.com\/index.php?rest_route=%2Fwp%2Fv2%2Fmedia&parent=599"}],"curies":[{"name":"wp","href":"https:\/\/api.w.org\/{rel}","templated":true}]}}